{"id":35,"date":"2022-05-27T17:38:08","date_gmt":"2022-05-27T15:38:08","guid":{"rendered":"http:\/\/mt.creation.emc-technologie.com\/index.php\/home\/"},"modified":"2023-04-07T14:06:01","modified_gmt":"2023-04-07T12:06:01","slug":"home","status":"publish","type":"page","link":"https:\/\/mt.creation.emc-technologie.com\/","title":{"rendered":"MT Cr\u00e9ation"},"content":{"rendered":"\n<div class=\"wp-block-group alignfull has-background is-layout-flow wp-block-group-is-layout-flow\" style=\"background-color:#e8e4d9\">\n<div class=\"wp-block-group has-global-padding is-layout-constrained wp-block-group-is-layout-constrained\"><nav class=\"is-responsive items-justified-right alignwide wp-block-navigation is-content-justification-right is-layout-flex wp-container-core-navigation-is-layout-d445cf74 wp-block-navigation-is-layout-flex\" aria-label=\"Primary Menu\" \n\t\t data-wp-interactive=\"core\/navigation\" data-wp-context='{\"overlayOpenedBy\":{\"click\":false,\"hover\":false,\"focus\":false},\"type\":\"overlay\",\"roleAttribute\":\"\",\"ariaLabel\":\"Menu\"}'><button aria-haspopup=\"dialog\" aria-label=\"Ouvrir le menu\" class=\"wp-block-navigation__responsive-container-open\" \n\t\t\t\tdata-wp-on--click=\"actions.openMenuOnClick\"\n\t\t\t\tdata-wp-on--keydown=\"actions.handleMenuKeydown\"\n\t\t\t><svg width=\"24\" height=\"24\" xmlns=\"http:\/\/www.w3.org\/2000\/svg\" viewBox=\"0 0 24 24\" aria-hidden=\"true\" focusable=\"false\"><path d=\"M4 7.5h16v1.5H4z\"><\/path><path d=\"M4 15h16v1.5H4z\"><\/path><\/svg><\/button>\n\t\t\t\t<div class=\"wp-block-navigation__responsive-container\"  id=\"modal-1\" \n\t\t\t\tdata-wp-class--has-modal-open=\"state.isMenuOpen\"\n\t\t\t\tdata-wp-class--is-menu-open=\"state.isMenuOpen\"\n\t\t\t\tdata-wp-watch=\"callbacks.initMenu\"\n\t\t\t\tdata-wp-on--keydown=\"actions.handleMenuKeydown\"\n\t\t\t\tdata-wp-on--focusout=\"actions.handleMenuFocusout\"\n\t\t\t\ttabindex=\"-1\"\n\t\t\t>\n\t\t\t\t\t<div class=\"wp-block-navigation__responsive-close\" tabindex=\"-1\">\n\t\t\t\t\t\t<div class=\"wp-block-navigation__responsive-dialog\" \n\t\t\t\tdata-wp-bind--aria-modal=\"state.ariaModal\"\n\t\t\t\tdata-wp-bind--aria-label=\"state.ariaLabel\"\n\t\t\t\tdata-wp-bind--role=\"state.roleAttribute\"\n\t\t\t>\n\t\t\t\t\t\t\t<button aria-label=\"Fermer le menu\" class=\"wp-block-navigation__responsive-container-close\" \n\t\t\t\tdata-wp-on--click=\"actions.closeMenuOnClick\"\n\t\t\t><svg xmlns=\"http:\/\/www.w3.org\/2000\/svg\" viewBox=\"0 0 24 24\" width=\"24\" height=\"24\" aria-hidden=\"true\" focusable=\"false\"><path d=\"m13.06 12 6.47-6.47-1.06-1.06L12 10.94 5.53 4.47 4.47 5.53 10.94 12l-6.47 6.47 1.06 1.06L12 13.06l6.47 6.47 1.06-1.06L13.06 12Z\"><\/path><\/svg><\/button>\n\t\t\t\t\t\t\t<div class=\"wp-block-navigation__responsive-container-content\" \n\t\t\t\tdata-wp-watch=\"callbacks.focusFirstElement\"\n\t\t\t id=\"modal-1-content\">\n\t\t\t\t\t\t\t\t<ul class=\"wp-block-navigation__container is-responsive items-justified-right alignwide wp-block-navigation\"><li class=\" wp-block-navigation-item wp-block-navigation-link\"><a class=\"wp-block-navigation-item__content\"  href=\"https:\/\/mt.creation.emc-technologie.com\/\"><span class=\"wp-block-navigation-item__label\">MT Cr\u00e9ation<\/span><\/a><\/li><li class=\" wp-block-navigation-item wp-block-navigation-link\"><a class=\"wp-block-navigation-item__content\"  href=\"https:\/\/mt.creation.emc-technologie.com\/index.php\/about\/\"><span class=\"wp-block-navigation-item__label\">About<\/span><\/a><\/li><li class=\" wp-block-navigation-item wp-block-navigation-link\"><a class=\"wp-block-navigation-item__content\"  href=\"https:\/\/mt.creation.emc-technologie.com\/index.php\/services\/\"><span class=\"wp-block-navigation-item__label\">Services<\/span><\/a><\/li><li class=\" wp-block-navigation-item wp-block-navigation-link\"><a class=\"wp-block-navigation-item__content\"  href=\"https:\/\/mt.creation.emc-technologie.com\/index.php\/gallery\/\"><span class=\"wp-block-navigation-item__label\">Gallery<\/span><\/a><\/li><li class=\" wp-block-navigation-item wp-block-navigation-link\"><a class=\"wp-block-navigation-item__content\"  href=\"https:\/\/mt.creation.emc-technologie.com\/index.php\/contact-us\/\"><span class=\"wp-block-navigation-item__label\">Contact<\/span><\/a><\/li><\/ul>\n\t\t\t\t\t\t\t<\/div>\n\t\t\t\t\t\t<\/div>\n\t\t\t\t\t<\/div>\n\t\t\t\t<\/div><\/nav>\n\n\n<figure class=\"wp-block-image aligncenter size-full\"><img loading=\"lazy\" decoding=\"async\" width=\"300\" height=\"300\" src=\"https:\/\/mt.creation.emc-technologie.com\/wp-content\/uploads\/2023\/04\/LOGO-MT-300x300-1.jpg\" alt=\"\" class=\"wp-image-81\" srcset=\"https:\/\/mt.creation.emc-technologie.com\/wp-content\/uploads\/2023\/04\/LOGO-MT-300x300-1.jpg 300w, https:\/\/mt.creation.emc-technologie.com\/wp-content\/uploads\/2023\/04\/LOGO-MT-300x300-1-150x150.jpg 150w\" sizes=\"auto, (max-width: 300px) 100vw, 300px\" \/><\/figure>\n<\/div>\n\n\n\n<div class=\"wp-block-columns alignwide is-layout-flex wp-container-core-columns-is-layout-28f84493 wp-block-columns-is-layout-flex\">\n<div class=\"wp-block-column is-layout-flow wp-block-column-is-layout-flow\">\n<h6 class=\"wp-block-heading has-text-color\" id=\"ecosystem\" style=\"color:#000000\">CREATION<\/h6>\n\n\n\n<div style=\"height:5px\" aria-hidden=\"true\" class=\"wp-block-spacer\"><\/div>\n<\/div>\n<\/div>\n\n\n\n<div class=\"wp-block-columns alignwide is-layout-flex wp-container-core-columns-is-layout-28f84493 wp-block-columns-is-layout-flex\">\n<div class=\"wp-block-column is-layout-flow wp-block-column-is-layout-flow\" style=\"flex-basis:33.38%\">\n<p class=\"has-text-color has-extra-small-font-size\" style=\"color:#000000\"><em>La Nature<\/em>, dans le sens courant, d\u00e9signe les essences inchang\u00e9es par l\u2019homme&nbsp;; l\u2019espace, l\u2019air, le fleuve, la feuille.&nbsp;<em>L\u2019Art<\/em>&nbsp;s\u2019applique au m\u00e9lange de sa volont\u00e9 avec les m\u00eames choses, comme dans une maison, un canal, une statue, un tableau. Mais ses op\u00e9rations prises ensemble sont si insignifiantes, un peu d\u2019\u00e9caillage, de cuisson, de rapi\u00e9\u00e7age, de lavage, que dans une impression aussi grandiose que celle du monde sur l\u2019esprit humain, elles ne changent pas le r\u00e9sultat.<\/p>\n\n\n\n<figure class=\"wp-block-image alignright size-large\"><img loading=\"lazy\" decoding=\"async\" width=\"1024\" height=\"611\" src=\"https:\/\/mt.creation.emc-technologie.com\/wp-content\/uploads\/2023\/04\/IMG-20220324-WA0003-1024x611.jpg\" alt=\"\" class=\"wp-image-76\" srcset=\"https:\/\/mt.creation.emc-technologie.com\/wp-content\/uploads\/2023\/04\/IMG-20220324-WA0003-1024x611.jpg 1024w, https:\/\/mt.creation.emc-technologie.com\/wp-content\/uploads\/2023\/04\/IMG-20220324-WA0003-300x179.jpg 300w, https:\/\/mt.creation.emc-technologie.com\/wp-content\/uploads\/2023\/04\/IMG-20220324-WA0003-768x458.jpg 768w, https:\/\/mt.creation.emc-technologie.com\/wp-content\/uploads\/2023\/04\/IMG-20220324-WA0003.jpg 1238w\" sizes=\"auto, (max-width: 1024px) 100vw, 1024px\" \/><\/figure>\n<\/div>\n\n\n\n<div class=\"wp-block-column is-layout-flow wp-block-column-is-layout-flow\" style=\"flex-basis:33%\">\n<div style=\"height:100px\" aria-hidden=\"true\" class=\"wp-block-spacer\"><\/div>\n\n\n\n<figure class=\"wp-block-image size-large\"><img loading=\"lazy\" decoding=\"async\" width=\"1024\" height=\"768\" src=\"https:\/\/mt.creation.emc-technologie.com\/wp-content\/uploads\/2022\/05\/IMG-20220505-WA0000-1024x768.jpg\" alt=\"\" class=\"wp-image-53\" srcset=\"https:\/\/mt.creation.emc-technologie.com\/wp-content\/uploads\/2022\/05\/IMG-20220505-WA0000-1024x768.jpg 1024w, https:\/\/mt.creation.emc-technologie.com\/wp-content\/uploads\/2022\/05\/IMG-20220505-WA0000-300x225.jpg 300w, https:\/\/mt.creation.emc-technologie.com\/wp-content\/uploads\/2022\/05\/IMG-20220505-WA0000-768x576.jpg 768w, https:\/\/mt.creation.emc-technologie.com\/wp-content\/uploads\/2022\/05\/IMG-20220505-WA0000-1536x1152.jpg 1536w, https:\/\/mt.creation.emc-technologie.com\/wp-content\/uploads\/2022\/05\/IMG-20220505-WA0000.jpg 1600w\" sizes=\"auto, (max-width: 1024px) 100vw, 1024px\" \/><\/figure>\n<\/div>\n\n\n\n<div class=\"wp-block-column is-layout-flow wp-block-column-is-layout-flow\" style=\"flex-basis:33.62%\">\n<figure class=\"wp-block-image size-large\"><img loading=\"lazy\" decoding=\"async\" width=\"1024\" height=\"576\" src=\"https:\/\/mt.creation.emc-technologie.com\/wp-content\/uploads\/2022\/05\/IMG-20211027-WA0003-1024x576.jpg\" alt=\"\" class=\"wp-image-51\" srcset=\"https:\/\/mt.creation.emc-technologie.com\/wp-content\/uploads\/2022\/05\/IMG-20211027-WA0003-1024x576.jpg 1024w, https:\/\/mt.creation.emc-technologie.com\/wp-content\/uploads\/2022\/05\/IMG-20211027-WA0003-300x169.jpg 300w, https:\/\/mt.creation.emc-technologie.com\/wp-content\/uploads\/2022\/05\/IMG-20211027-WA0003-768x432.jpg 768w, https:\/\/mt.creation.emc-technologie.com\/wp-content\/uploads\/2022\/05\/IMG-20211027-WA0003-1536x864.jpg 1536w, https:\/\/mt.creation.emc-technologie.com\/wp-content\/uploads\/2022\/05\/IMG-20211027-WA0003.jpg 1600w\" sizes=\"auto, (max-width: 1024px) 100vw, 1024px\" \/><\/figure>\n\n\n\n<p class=\"has-text-color has-extra-small-font-size\" style=\"color:#000000\">Sans doute n\u2019avons-nous pas de questions \u00e0 poser qui soient sans r\u00e9ponse. Nous devons faire confiance \u00e0 la perfection de la cr\u00e9ation au point de croire que, quelle que soit la curiosit\u00e9 que l\u2019ordre des choses a \u00e9veill\u00e9e dans notre esprit, l\u2019ordre des choses peut la satisfaire. La condition de chaque homme est une solution en hi\u00e9roglyphes aux questions qu\u2019il poserait.<\/p>\n<\/div>\n<\/div>\n\n\n\n<div class=\"wp-block-columns alignwide is-layout-flex wp-container-core-columns-is-layout-28f84493 wp-block-columns-is-layout-flex\">\n<div class=\"wp-block-column is-layout-flow wp-block-column-is-layout-flow\" style=\"flex-basis:67%\"><\/div>\n\n\n\n<div class=\"wp-block-column is-vertically-aligned-center is-layout-flow wp-block-column-is-layout-flow\" style=\"flex-basis:33%\"><\/div>\n<\/div>\n\n\n\n<div class=\"wp-block-media-text alignwide has-media-on-the-right is-stacked-on-mobile is-vertically-aligned-center has-background\" style=\"background-color:#f1f5c7\"><div class=\"wp-block-media-text__content\">\n<div class=\"wp-block-group is-layout-flow wp-block-group-is-layout-flow\" style=\"padding-top:2em;padding-right:2em;padding-bottom:2em;padding-left:2em\">\n<p style=\"font-size:clamp(22.041px, 1.378rem + ((1vw - 3.2px) * 1.586), 36px);line-height:1.2\"><strong>M\u00eame le fruit le plus amer contient du sucre.<\/strong><\/p>\n\n\n\n<p class=\"has-extra-small-font-size\">\u2013 Terry a. O\u2019Neal<\/p>\n<\/div>\n<\/div><figure class=\"wp-block-media-text__media\"><img decoding=\"async\" src=\"https:\/\/s.w.org\/patterns\/files\/2021\/06\/pear-1-1024x1024.png\" alt=\"\" class=\"wp-image-5263 size-full\"\/><\/figure><\/div>\n\n\n\n<div class=\"wp-block-media-text alignwide is-stacked-on-mobile is-vertically-aligned-center has-background\" style=\"background-color:#fffdea\"><figure class=\"wp-block-media-text__media\"><img decoding=\"async\" src=\"https:\/\/s.w.org\/patterns\/files\/2021\/06\/pear-half-1024x1024.png\" alt=\"\" class=\"wp-image-673 size-full\"\/><\/figure><div class=\"wp-block-media-text__content\">\n<div class=\"wp-block-group is-layout-flow wp-block-group-is-layout-flow\" style=\"padding-top:2em;padding-right:2em;padding-bottom:2em;padding-left:2em\">\n<p style=\"font-size:clamp(22.041px, 1.378rem + ((1vw - 3.2px) * 1.586), 36px);line-height:1.2\"><strong>Les arbres qui mettent du temps \u00e0 pousser donnent les meilleurs fruits.<\/strong><\/p>\n\n\n\n<p class=\"has-extra-small-font-size\">\u2013 Moli\u00e8re<\/p>\n<\/div>\n<\/div><\/div>\n<\/div>\n","protected":false},"excerpt":{"rendered":"<p>CREATION La Nature, dans le sens courant, d\u00e9signe les essences inchang\u00e9es par l\u2019homme&nbsp;; l\u2019espace, l\u2019air, le fleuve, la feuille.&nbsp;L\u2019Art&nbsp;s\u2019applique au m\u00e9lange de sa volont\u00e9 avec les m\u00eames choses, comme dans une maison, un canal, une statue, un tableau. Mais ses op\u00e9rations prises ensemble sont si insignifiantes, un peu d\u2019\u00e9caillage, de cuisson, de rapi\u00e9\u00e7age, de lavage, [&hellip;]<\/p>\n","protected":false},"author":1,"featured_media":0,"parent":0,"menu_order":0,"comment_status":"closed","ping_status":"closed","template":"blank","meta":{"footnotes":""},"class_list":["post-35","page","type-page","status-publish","hentry"],"_links":{"self":[{"href":"https:\/\/mt.creation.emc-technologie.com\/index.php\/wp-json\/wp\/v2\/pages\/35","targetHints":{"allow":["GET"]}}],"collection":[{"href":"https:\/\/mt.creation.emc-technologie.com\/index.php\/wp-json\/wp\/v2\/pages"}],"about":[{"href":"https:\/\/mt.creation.emc-technologie.com\/index.php\/wp-json\/wp\/v2\/types\/page"}],"author":[{"embeddable":true,"href":"https:\/\/mt.creation.emc-technologie.com\/index.php\/wp-json\/wp\/v2\/users\/1"}],"replies":[{"embeddable":true,"href":"https:\/\/mt.creation.emc-technologie.com\/index.php\/wp-json\/wp\/v2\/comments?post=35"}],"version-history":[{"count":22,"href":"https:\/\/mt.creation.emc-technologie.com\/index.php\/wp-json\/wp\/v2\/pages\/35\/revisions"}],"predecessor-version":[{"id":84,"href":"https:\/\/mt.creation.emc-technologie.com\/index.php\/wp-json\/wp\/v2\/pages\/35\/revisions\/84"}],"wp:attachment":[{"href":"https:\/\/mt.creation.emc-technologie.com\/index.php\/wp-json\/wp\/v2\/media?parent=35"}],"curies":[{"name":"wp","href":"https:\/\/api.w.org\/{rel}","templated":true}]}}